  {"id":5148,"date":"2020-04-16T13:12:17","date_gmt":"2020-04-16T13:12:17","guid":{"rendered":"https:\/\/www.lancaster.ac.uk\/great\/?page_id=5148"},"modified":"2024-12-05T21:04:56","modified_gmt":"2024-12-05T21:04:56","slug":"publiclabs-2","status":"publish","type":"page","link":"https:\/\/www.lancaster.ac.uk\/great\/es\/sobre-nosotros\/publiclabs-2\/","title":{"rendered":"PublicLabs"},"content":{"rendered":"\t\t<div data-elementor-type=\"wp-page\" data-elementor-id=\"5148\" class=\"elementor elementor-5148\">\n\t\t\t\t\t\t<section class=\"elementor-section elementor-top-section elementor-element elementor-element-6c47ffb elementor-section-height-min-height elementor-section-boxed elementor-section-height-default elementor-section-items-middle\" data-id=\"6c47ffb\" data-element_type=\"section\" data-e-type=\"section\" data-settings=\"{&quot;background_background&quot;:&quot;classic&quot;}\">\n\t\t\t\t\t\t\t<div class=\"elementor-background-overlay\"><\/div>\n\t\t\t\t\t\t\t<div class=\"elementor-container elementor-column-gap-default\">\n\t\t\t\t\t<div class=\"elementor-column elementor-col-100 elementor-top-column elementor-element elementor-element-a217d8d\" data-id=\"a217d8d\" data-element_type=\"column\" data-e-type=\"column\">\n\t\t\t<div class=\"elementor-widget-wrap elementor-element-populated\">\n\t\t\t\t\t\t<div class=\"elementor-element elementor-element-9a3402a elementor-widget elementor-widget-spacer\" data-id=\"9a3402a\" data-element_type=\"widget\" data-e-type=\"widget\" data-widget_type=\"spacer.default\">\n\t\t\t\t<div class=\"elementor-widget-container\">\n\t\t\t\t\t\t\t<div class=\"elementor-spacer\">\n\t\t\t<div class=\"elementor-spacer-inner\"><\/div>\n\t\t<\/div>\n\t\t\t\t\t\t<\/div>\n\t\t\t\t<\/div>\n\t\t\t\t<div class=\"elementor-element elementor-element-83b02b7 elementor-widget elementor-widget-heading\" data-id=\"83b02b7\" data-element_type=\"widget\" data-e-type=\"widget\" data-widget_type=\"heading.default\">\n\t\t\t\t<div class=\"elementor-widget-container\">\n\t\t\t\t\t<h1 class=\"elementor-heading-title elementor-size-default\">\u00bfQu\u00e9 son los PublicLabs?<\/h1>\t\t\t\t<\/div>\n\t\t\t\t<\/div>\n\t\t\t\t<div class=\"elementor-element elementor-element-6b9640e elementor-widget elementor-widget-text-editor\" data-id=\"6b9640e\" data-element_type=\"widget\" data-e-type=\"widget\" data-widget_type=\"text-editor.default\">\n\t\t\t\t<div class=\"elementor-widget-container\">\n\t\t\t\t\t\t\t\t\t<p>Para nosotros, los PublicLabs son un medio para estimular la reuni\u00f3n de diferentes p\u00fablicos, en gran parte de comunidades, autoridades locales y grupos de inter\u00e9s, para discutir y entender las necesidades y las posibles soluciones en tres \u00e1reas principales: pol\u00edtica y planificaci\u00f3n urbana, transporte y movilidad, y basura cero. El objetivo de nuestro enfoque PublicLab es facilitar procesos que puedan sostenerse en el futuro.&nbsp;<\/p><p>Con el apoyo de GREAT, por ejemplo, la Alcald\u00eda de Cali est\u00e1 desarrollando el primer programa de mejoramiento de asentamientos informales que incluye un enfoque interseccional en \u00e1reas de transici\u00f3n, es decir, considerando cuestiones de raza, g\u00e9nero y ser v\u00edctima del conflicto armado colombiano. Este proceso tiene beneficios directos para cuatro asentamientos (Brisas de las Palmas, La Arboleda, Pampas del Mirador y Alto Polvorines) con una poblaci\u00f3n cercana a las 10.000 personas.<\/p>\n<p>En el caso de La Habana, el proyecto ha participado activamente en el proceso definici\u00f3n de pol\u00edticas generando propuestas pr\u00e1cticas, herramientas de adaptaci\u00f3n y desarrollando el T\u00edtulo de T\u00e9cnico Superior Universitario en Gesti\u00f3n Integral&nbsp;de&nbsp;Residuos.<\/p>\t\t\t\t\t\t\t\t<\/div>\n\t\t\t\t<\/div>\n\t\t\t\t<div class=\"elementor-element elementor-element-0681b9d elementor-align-center elementor-hidden-desktop elementor-widget elementor-widget-button\" data-id=\"0681b9d\" data-element_type=\"widget\" data-e-type=\"widget\" data-widget_type=\"button.default\">\n\t\t\t\t<div class=\"elementor-widget-container\">\n\t\t\t\t\t\t\t\t\t<div class=\"elementor-button-wrapper\">\n\t\t\t\t\t<a class=\"elementor-button elementor-button-link elementor-size-md\" href=\"https:\/\/www.lancaster.ac.uk\/great\/influencing-policy\/\">\n\t\t\t\t\t\t<span class=\"elementor-button-content-wrapper\">\n\t\t\t\t\t\t\t\t\t<span class=\"elementor-button-text\">Influyendo en la Pol\u00edtica<\/span>\n\t\t\t\t\t<\/span>\n\t\t\t\t\t<\/a>\n\t\t\t\t<\/div>\n\t\t\t\t\t\t\t\t<\/div>\n\t\t\t\t<\/div>\n\t\t\t\t<div class=\"elementor-element elementor-element-839a97d elementor-widget elementor-widget-spacer\" data-id=\"839a97d\" data-element_type=\"widget\" data-e-type=\"widget\" data-widget_type=\"spacer.default\">\n\t\t\t\t<div class=\"elementor-widget-container\">\n\t\t\t\t\t\t\t<div class=\"elementor-spacer\">\n\t\t\t<div class=\"elementor-spacer-inner\"><\/div>\n\t\t<\/div>\n\t\t\t\t\t\t<\/div>\n\t\t\t\t<\/div>\n\t\t\t\t\t<\/div>\n\t\t<\/div>\n\t\t\t\t\t<\/div>\n\t\t<\/section>\n\t\t<div class=\"elementor-element elementor-element-dbd6ad9 e-con-full e-flex e-con e-parent\" data-id=\"dbd6ad9\" data-element_type=\"container\" data-e-type=\"container\">\n\t\t<div class=\"elementor-element elementor-element-f03d509 e-con-full e-flex e-con e-child\" data-id=\"f03d509\" data-element_type=\"container\" data-e-type=\"container\" data-settings=\"{&quot;background_background&quot;:&quot;classic&quot;}\">\n\t\t<div class=\"elementor-element elementor-element-22a3cb6 e-flex e-con-boxed e-con e-child\" data-id=\"22a3cb6\" data-element_type=\"container\" data-e-type=\"container\">\n\t\t\t\t\t<div class=\"e-con-inner\">\n\t\t\t\t<div class=\"elementor-element elementor-element-0cf195b elementor-widget elementor-widget-spacer\" data-id=\"0cf195b\" data-element_type=\"widget\" data-e-type=\"widget\" data-widget_type=\"spacer.default\">\n\t\t\t\t<div class=\"elementor-widget-container\">\n\t\t\t\t\t\t\t<div class=\"elementor-spacer\">\n\t\t\t<div class=\"elementor-spacer-inner\"><\/div>\n\t\t<\/div>\n\t\t\t\t\t\t<\/div>\n\t\t\t\t<\/div>\n\t\t\t\t<div class=\"elementor-element elementor-element-f4f283b elementor-widget elementor-widget-image\" data-id=\"f4f283b\" data-element_type=\"widget\" data-e-type=\"widget\" data-widget_type=\"image.default\">\n\t\t\t\t<div class=\"elementor-widget-container\">\n\t\t\t\t\t\t\t\t\t\t\t\t\t\t\t<img fetchpriority=\"high\" decoding=\"async\" width=\"800\" height=\"660\" src=\"https:\/\/www.lancaster.ac.uk\/great\/wp-content\/blogs.dir\/649\/files\/2024\/07\/Publiclabs-Elemento-Infografico.png\" class=\"attachment-large size-large wp-image-6728\" alt=\"\" srcset=\"https:\/\/www.lancaster.ac.uk\/great\/wp-content\/blogs.dir\/649\/files\/2024\/07\/Publiclabs-Elemento-Infografico.png 800w, https:\/\/www.lancaster.ac.uk\/great\/wp-content\/blogs.dir\/649\/files\/2024\/07\/Publiclabs-Elemento-Infografico-300x248.png 300w, https:\/\/www.lancaster.ac.uk\/great\/wp-content\/blogs.dir\/649\/files\/2024\/07\/Publiclabs-Elemento-Infografico-150x124.png 150w, https:\/\/www.lancaster.ac.uk\/great\/wp-content\/blogs.dir\/649\/files\/2024\/07\/Publiclabs-Elemento-Infografico-768x634.png 768w\" sizes=\"(max-width: 800px) 100vw, 800px\" \/>\t\t\t\t\t\t\t\t\t\t\t\t\t\t\t<\/div>\n\t\t\t\t<\/div>\n\t\t\t\t<div class=\"elementor-element elementor-element-d8701a4 elementor-widget elementor-widget-spacer\" data-id=\"d8701a4\" data-element_type=\"widget\" data-e-type=\"widget\" data-widget_type=\"spacer.default\">\n\t\t\t\t<div class=\"elementor-widget-container\">\n\t\t\t\t\t\t\t<div class=\"elementor-spacer\">\n\t\t\t<div class=\"elementor-spacer-inner\"><\/div>\n\t\t<\/div>\n\t\t\t\t\t\t<\/div>\n\t\t\t\t<\/div>\n\t\t\t\t\t<\/div>\n\t\t\t\t<\/div>\n\t\t\t\t<\/div>\n\t\t\t\t<\/div>\n\t\t<div class=\"elementor-element elementor-element-b303883 e-flex e-con-boxed e-con e-parent\" data-id=\"b303883\" data-element_type=\"container\" data-e-type=\"container\">\n\t\t\t\t\t<div class=\"e-con-inner\">\n\t\t<div class=\"elementor-element elementor-element-179ba17 e-con-full e-flex e-con e-child\" data-id=\"179ba17\" data-element_type=\"container\" data-e-type=\"container\">\n\t\t\t\t<div class=\"elementor-element elementor-element-446e9d1 elementor-widget elementor-widget-heading\" data-id=\"446e9d1\" data-element_type=\"widget\" data-e-type=\"widget\" data-widget_type=\"heading.default\">\n\t\t\t\t<div class=\"elementor-widget-container\">\n\t\t\t\t\t<h2 class=\"elementor-heading-title elementor-size-default\">Nuestros Colaboradores<\/h2>\t\t\t\t<\/div>\n\t\t\t\t<\/div>\n\t\t\t\t<div class=\"elementor-element elementor-element-ad2ad14 e-n-tabs-mobile elementor-widget elementor-widget-n-tabs\" data-id=\"ad2ad14\" data-element_type=\"widget\" data-e-type=\"widget\" data-settings=\"{&quot;horizontal_scroll&quot;:&quot;disable&quot;}\" data-widget_type=\"nested-tabs.default\">\n\t\t\t\t<div class=\"elementor-widget-container\">\n\t\t\t\t\t\t\t<div class=\"e-n-tabs\" data-widget-number=\"181579028\" aria-label=\"Pesta\u00f1as. Abre elementos con Intro o Espacio, ci\u00e9rralos con Escape y navega con las fechas.\">\n\t\t\t<div class=\"e-n-tabs-heading\" role=\"tablist\">\n\t\t\t\t\t<button id=\"e-n-tab-title-1815790281\" data-tab-title-id=\"e-n-tab-title-1815790281\" class=\"e-n-tab-title\" aria-selected=\"true\" data-tab-index=\"1\" role=\"tab\" tabindex=\"0\" aria-controls=\"e-n-tab-content-1815790281\" style=\"--n-tabs-title-order: 1;\">\n\t\t\t\t\t\t<span class=\"e-n-tab-title-text\">\n\t\t\t\tCali, Colombia\t\t\t<\/span>\n\t\t<\/button>\n\t\t\t\t<button id=\"e-n-tab-title-1815790282\" data-tab-title-id=\"e-n-tab-title-1815790282\" class=\"e-n-tab-title\" aria-selected=\"false\" data-tab-index=\"2\" role=\"tab\" tabindex=\"-1\" aria-controls=\"e-n-tab-content-1815790282\" style=\"--n-tabs-title-order: 2;\">\n\t\t\t\t\t\t<span class=\"e-n-tab-title-text\">\n\t\t\t\tHabana, Cuba\t\t\t<\/span>\n\t\t<\/button>\n\t\t\t\t\t<\/div>\n\t\t\t<div class=\"e-n-tabs-content\">\n\t\t\t\t<div id=\"e-n-tab-content-1815790281\" role=\"tabpanel\" aria-labelledby=\"e-n-tab-title-1815790281\" data-tab-index=\"1\" style=\"--n-tabs-title-order: 1;\" class=\"e-active elementor-element elementor-element-66e3efb e-con-full e-flex e-con e-child\" data-id=\"66e3efb\" data-element_type=\"container\" data-e-type=\"container\">\n\t\t<div class=\"elementor-element elementor-element-ae042ec e-flex e-con-boxed e-con e-child\" data-id=\"ae042ec\" data-element_type=\"container\" data-e-type=\"container\">\n\t\t\t\t\t<div class=\"e-con-inner\">\n\t\t\t\t<div class=\"elementor-element elementor-element-31fdc1e elementor-widget elementor-widget-heading\" data-id=\"31fdc1e\" data-element_type=\"widget\" data-e-type=\"widget\" data-widget_type=\"heading.default\">\n\t\t\t\t<div class=\"elementor-widget-container\">\n\t\t\t\t\t<h2 class=\"elementor-heading-title elementor-size-default\">Cali, Colombia<\/h2>\t\t\t\t<\/div>\n\t\t\t\t<\/div>\n\t\t\t\t<div class=\"elementor-element elementor-element-6439651 elementor-widget elementor-widget-text-editor\" data-id=\"6439651\" data-element_type=\"widget\" data-e-type=\"widget\" data-widget_type=\"text-editor.default\">\n\t\t\t\t<div class=\"elementor-widget-container\">\n\t\t\t\t\t\t\t\t\t<p>Actores gubernamentales:\u00a0<\/p><ul><li>Secretar\u00edas de Planeaci\u00f3n, ciudadan\u00eda y participaci\u00f3n<\/li><li>Secretar\u00eda de salud (en particular el Programa Psicosocial para v\u00edctimas del conflicto armado)<\/li><li>Salud ambiental y vivienda<\/li><li>Departamento administrativo de gesti\u00f3n del medio ambiente (DAGMA)<\/li><li>Fundaci\u00f3n Carvajal<\/li><li>Juntas de acci\u00f3n comunal<\/li><li>Fundaci\u00f3n Tecnos\u00f3lidos<\/li><\/ul>\t\t\t\t\t\t\t\t<\/div>\n\t\t\t\t<\/div>\n\t\t\t\t\t<\/div>\n\t\t\t\t<\/div>\n\t\t\t\t<\/div>\n\t\t<div id=\"e-n-tab-content-1815790282\" role=\"tabpanel\" aria-labelledby=\"e-n-tab-title-1815790282\" data-tab-index=\"2\" style=\"--n-tabs-title-order: 2;\" class=\" elementor-element elementor-element-6fc0529 e-con-full e-flex e-con e-child\" data-id=\"6fc0529\" data-element_type=\"container\" data-e-type=\"container\">\n\t\t<div class=\"elementor-element elementor-element-2d42784 e-flex e-con-boxed e-con e-child\" data-id=\"2d42784\" data-element_type=\"container\" data-e-type=\"container\">\n\t\t\t\t\t<div class=\"e-con-inner\">\n\t\t\t\t<div class=\"elementor-element elementor-element-4b3e921 elementor-widget elementor-widget-heading\" data-id=\"4b3e921\" data-element_type=\"widget\" data-e-type=\"widget\" data-widget_type=\"heading.default\">\n\t\t\t\t<div class=\"elementor-widget-container\">\n\t\t\t\t\t<h2 class=\"elementor-heading-title elementor-size-default\">Habana, Cuba<\/h2>\t\t\t\t<\/div>\n\t\t\t\t<\/div>\n\t\t\t\t<div class=\"elementor-element elementor-element-7afb443 elementor-widget elementor-widget-text-editor\" data-id=\"7afb443\" data-element_type=\"widget\" data-e-type=\"widget\" data-widget_type=\"text-editor.default\">\n\t\t\t\t<div class=\"elementor-widget-container\">\n\t\t\t\t\t\t\t\t\t<ul><li>Plan Perspectivo de la bah\u00eda de La Habana<\/li><li>Universidad de La Habana<\/li><li>Oficina del Historiador de La Habana y su Departamento de Planeaci\u00f3n (Plan Maestro)<\/li><li>Direcci\u00f3n General de Transportaciones (DGT-Habana).<\/li><li>Grupo Empresarial del Reciclaje<\/li><li>Autoridades municipales representadas por el Departamento Local de Planeaci\u00f3n.<\/li><\/ul>\t\t\t\t\t\t\t\t<\/div>\n\t\t\t\t<\/div>\n\t\t\t\t\t<\/div>\n\t\t\t\t<\/div>\n\t\t\t\t<\/div>\n\t\t\t\t\t<\/div>\n\t\t<\/div>\n\t\t\t\t\t\t<\/div>\n\t\t\t\t<\/div>\n\t\t\t\t<\/div>\n\t\t\t\t\t<\/div>\n\t\t\t\t<\/div>\n\t\t\t\t<\/div>\n\t\t","protected":false},"excerpt":{"rendered":"<p>\u00bfQu\u00e9 son los PublicLabs? Para nosotros, los PublicLabs son un medio para estimular la reuni\u00f3n de diferentes p\u00fablicos, en gran parte de comunidades, autoridades locales y grupos de inter\u00e9s, para discutir y entender las necesidades y las posibles soluciones en tres \u00e1reas principales: pol\u00edtica y planificaci\u00f3n urbana, transporte y movilidad, y basura cero. El objetivo [&hellip;]<\/p>\n","protected":false},"author":4,"featured_media":0,"parent":1770,"menu_order":0,"comment_status":"closed","ping_status":"closed","template":"","meta":{"site-sidebar-layout":"no-sidebar","site-content-layout":"page-builder","ast-site-content-layout":"default","site-content-style":"default","site-sidebar-style":"default","ast-global-header-display":"","ast-banner-title-visibility":"","ast-main-header-display":"","ast-hfb-above-header-display":"","ast-hfb-below-header-display":"","ast-hfb-mobile-header-display":"","site-post-title":"disabled","ast-breadcrumbs-content":"","ast-featured-img":"","footer-sml-layout":"","ast-disable-related-posts":"","theme-transparent-header-meta":"default","adv-header-id-meta":"","stick-header-meta":"","header-above-stick-meta":"","header-main-stick-meta":"","header-below-stick-meta":"","astra-migrate-meta-layouts":"default","ast-page-background-enabled":"default","ast-page-background-meta":{"desktop":{"background-color":"var(--ast-global-color-4)","background-image":"","background-repeat":"repeat","background-position":"center center","background-size":"auto","background-attachment":"scroll","background-type":"","background-media":"","overlay-type":"","overlay-color":"","overlay-opacity":"","overlay-gradient":""},"tablet":{"background-color":"","background-image":"","background-repeat":"repeat","background-position":"center center","background-size":"auto","background-attachment":"scroll","background-type":"","background-media":"","overlay-type":"","overlay-color":"","overlay-opacity":"","overlay-gradient":""},"mobile":{"background-color":"","background-image":"","background-repeat":"repeat","background-position":"center center","background-size":"auto","background-attachment":"scroll","background-type":"","background-media":"","overlay-type":"","overlay-color":"","overlay-opacity":"","overlay-gradient":""}},"ast-content-background-meta":{"desktop":{"background-color":"var(--ast-global-color-5)","background-image":"","background-repeat":"repeat","background-position":"center center","background-size":"auto","background-attachment":"scroll","background-type":"","background-media":"","overlay-type":"","overlay-color":"","overlay-opacity":"","overlay-gradient":""},"tablet":{"background-color":"var(--ast-global-color-5)","background-image":"","background-repeat":"repeat","background-position":"center center","background-size":"auto","background-attachment":"scroll","background-type":"","background-media":"","overlay-type":"","overlay-color":"","overlay-opacity":"","overlay-gradient":""},"mobile":{"background-color":"var(--ast-global-color-5)","background-image":"","background-repeat":"repeat","background-position":"center center","background-size":"auto","background-attachment":"scroll","background-type":"","background-media":"","overlay-type":"","overlay-color":"","overlay-opacity":"","overlay-gradient":""}},"footnotes":""},"class_list":["post-5148","page","type-page","status-publish","hentry"],"_links":{"self":[{"href":"https:\/\/www.lancaster.ac.uk\/great\/wp-json\/wp\/v2\/pages\/5148","targetHints":{"allow":["GET"]}}],"collection":[{"href":"https:\/\/www.lancaster.ac.uk\/great\/wp-json\/wp\/v2\/pages"}],"about":[{"href":"https:\/\/www.lancaster.ac.uk\/great\/wp-json\/wp\/v2\/types\/page"}],"author":[{"embeddable":true,"href":"https:\/\/www.lancaster.ac.uk\/great\/wp-json\/wp\/v2\/users\/4"}],"replies":[{"embeddable":true,"href":"https:\/\/www.lancaster.ac.uk\/great\/wp-json\/wp\/v2\/comments?post=5148"}],"version-history":[{"count":30,"href":"https:\/\/www.lancaster.ac.uk\/great\/wp-json\/wp\/v2\/pages\/5148\/revisions"}],"predecessor-version":[{"id":6822,"href":"https:\/\/www.lancaster.ac.uk\/great\/wp-json\/wp\/v2\/pages\/5148\/revisions\/6822"}],"up":[{"embeddable":true,"href":"https:\/\/www.lancaster.ac.uk\/great\/wp-json\/wp\/v2\/pages\/1770"}],"wp:attachment":[{"href":"https:\/\/www.lancaster.ac.uk\/great\/wp-json\/wp\/v2\/media?parent=5148"}],"curies":[{"name":"wp","href":"https:\/\/api.w.org\/{rel}","templated":true}]}}